{"id":1528,"date":"2021-05-19T12:52:21","date_gmt":"2021-05-19T10:52:21","guid":{"rendered":"http:\/\/info.anneberg.com.pl\/?page_id=1528"},"modified":"2021-05-19T13:04:19","modified_gmt":"2021-05-19T11:04:19","slug":"praca-w-godzinach-nocnych","status":"publish","type":"page","link":"https:\/\/info.anneberg.com.pl\/index.php\/praca-w-godzinach-nocnych\/","title":{"rendered":"Praca w godzinach nocnych"},"content":{"rendered":"\t\t<div data-elementor-type=\"wp-page\" data-elementor-id=\"1528\" class=\"elementor elementor-1528\" data-elementor-settings=\"[]\">\n\t\t\t\t\t\t<div class=\"elementor-inner\">\n\t\t\t\t\t\t\t<div class=\"elementor-section-wrap\">\n\t\t\t\t\t\t\t<section class=\"elementor-section elementor-top-section elementor-element elementor-element-5e9728b elementor-section-boxed elementor-section-height-default elementor-section-height-default\" data-id=\"5e9728b\" data-element_type=\"section\">\n\t\t\t\t\t\t<div class=\"elementor-container elementor-column-gap-default\">\n\t\t\t\t\t\t\t<div class=\"elementor-row\">\n\t\t\t\t\t<div class=\"elementor-column elementor-col-100 elementor-top-column elementor-element elementor-element-72f5e44\" data-id=\"72f5e44\" data-element_type=\"column\">\n\t\t\t<div class=\"elementor-column-wrap elementor-element-populated\">\n\t\t\t\t\t\t\t<div class=\"elementor-widget-wrap\">\n\t\t\t\t\t\t<div class=\"elementor-element elementor-element-d9cd7de elementor-widget elementor-widget-text-editor\" data-id=\"d9cd7de\" data-element_type=\"widget\" data-widget_type=\"text-editor.default\">\n\t\t\t\t<div class=\"elementor-widget-container\">\n\t\t\t\t\t\t\t\t<div class=\"elementor-text-editor elementor-clearfix\">\n\t\t\t\t<p style=\"text-align: right;\"><span style=\"color: #000000;\"><strong>Firma od godz.\u00a0 00:00\u00a0 \u2013\u00a0 do godz. 04:00<\/strong><\/span><\/p><p><span style=\"color: #000000;\">Je\u017celi pracowa\u0142e\u015b w tych godzinach chocia\u017c 1 minut\u0119, to Tw\u00f3j czas <\/span><span style=\"color: #000000;\">pracy w okresie 24 godzin od rozpocz\u0119cia pracy wynosi 10 godzin. <br \/><\/span><span style=\"color: #000000;\">Ale do 10 godzin \u00a0i 59 minut pracy nie ma kary. <\/span><\/p><p><span style=\"color: #000000;\">Do tych godzin nie s\u0105 wliczane przerwy i odpoczynki.<\/span><\/p><p><span style=\"color: #000000;\"><b style=\"color: #000000;\">Je\u017celi rozpoczynasz drugi raz prac\u0119 w tej samej dobie kierowcy, a\u00a0 <\/b><span style=\"color: #000000;\"><b>pracowa\u0142e\u015b<\/b><\/span><b style=\"color: #000000;\"> w godzinach\u00a0 00:00 \u2013 04:00 to po zako\u0144czeniu pracy w tym dniu nale\u017cy dokona\u0107:<\/b><strong style=\"color: #000000;\"><br \/>wydruku z tachografu i poprawnie go opisa\u0107 n<\/strong><\/span><span style=\"color: #000000;\"><strong>p.<\/strong><\/span><\/p><p><span style=\"color: #000000;\"><strong>\u201e Z uwagi na zabezpieczenie dostaw wymuszonych przez kontrahenta naruszono czas pracy w godzinach nocnych<\/strong>.\u00a0 <strong>\u2018\u2019<\/strong><\/span><\/p><p><span style=\"color: #000000;\">( Bez okre\u015blania czasu narusze\u0144).<\/span><\/p><p><span style=\"color: #000000;\">Imi\u0119 i nazwisko<\/span><\/p><p><span style=\"color: #000000;\">Tel.668 133 282<\/span><\/p><p style=\"text-align: right;\"><span style=\"color: #000000;\">02.03.2021<\/span><\/p>\t\t\t\t\t<\/div>\n\t\t\t\t\t\t<\/div>\n\t\t\t\t<\/div>\n\t\t\t\t\t\t<\/div>\n\t\t\t\t\t<\/div>\n\t\t<\/div>\n\t\t\t\t\t\t\t\t<\/div>\n\t\t\t\t\t<\/div>\n\t\t<\/section>\n\t\t\t\t\t\t<\/div>\n\t\t\t\t\t\t<\/div>\n\t\t\t\t\t<\/div>\n\t\t","protected":false},"excerpt":{"rendered":"<p>Firma od godz.\u00a0 00:00\u00a0 \u2013\u00a0 do godz. 04:00 Je\u017celi pracowa\u0142e\u015b w tych godzinach chocia\u017c 1 minut\u0119, to Tw\u00f3j czas pracy w okresie 24 godzin od rozpocz\u0119cia pracy wynosi 10 godzin. Ale do 10 godzin \u00a0i 59 minut pracy nie ma kary. Do tych godzin nie s\u0105 wliczane przerwy i odpoczynki. Je\u017celi rozpoczynasz drugi raz prac\u0119 [&hellip;]<\/p>\n","protected":false},"author":1,"featured_media":0,"parent":0,"menu_order":0,"comment_status":"closed","ping_status":"closed","template":"","meta":{"_mc_calendar":[],"footnotes":""},"class_list":["post-1528","page","type-page","status-publish","hentry"],"_links":{"self":[{"href":"https:\/\/info.anneberg.com.pl\/index.php\/wp-json\/wp\/v2\/pages\/1528","targetHints":{"allow":["GET"]}}],"collection":[{"href":"https:\/\/info.anneberg.com.pl\/index.php\/wp-json\/wp\/v2\/pages"}],"about":[{"href":"https:\/\/info.anneberg.com.pl\/index.php\/wp-json\/wp\/v2\/types\/page"}],"author":[{"embeddable":true,"href":"https:\/\/info.anneberg.com.pl\/index.php\/wp-json\/wp\/v2\/users\/1"}],"replies":[{"embeddable":true,"href":"https:\/\/info.anneberg.com.pl\/index.php\/wp-json\/wp\/v2\/comments?post=1528"}],"version-history":[{"count":13,"href":"https:\/\/info.anneberg.com.pl\/index.php\/wp-json\/wp\/v2\/pages\/1528\/revisions"}],"predecessor-version":[{"id":1549,"href":"https:\/\/info.anneberg.com.pl\/index.php\/wp-json\/wp\/v2\/pages\/1528\/revisions\/1549"}],"wp:attachment":[{"href":"https:\/\/info.anneberg.com.pl\/index.php\/wp-json\/wp\/v2\/media?parent=1528"}],"curies":[{"name":"wp","href":"https:\/\/api.w.org\/{rel}","templated":true}]}}