{"id":2754,"date":"2025-04-02T16:47:14","date_gmt":"2025-04-02T14:47:14","guid":{"rendered":"https:\/\/info.anneberg.com.pl\/?page_id=2754"},"modified":"2025-04-04T15:06:41","modified_gmt":"2025-04-04T13:06:41","slug":"soi","status":"publish","type":"page","link":"https:\/\/info.anneberg.com.pl\/index.php\/soi\/","title":{"rendered":"SOI"},"content":{"rendered":"\t\t<div data-elementor-type=\"wp-page\" data-elementor-id=\"2754\" class=\"elementor elementor-2754\" data-elementor-settings=\"[]\">\n\t\t\t\t\t\t<div class=\"elementor-inner\">\n\t\t\t\t\t\t\t<div class=\"elementor-section-wrap\">\n\t\t\t\t\t\t\t<section class=\"elementor-section elementor-top-section elementor-element elementor-element-7d51fcd elementor-section-boxed elementor-section-height-default elementor-section-height-default\" data-id=\"7d51fcd\" data-element_type=\"section\">\n\t\t\t\t\t\t<div class=\"elementor-container elementor-column-gap-default\">\n\t\t\t\t\t\t\t<div class=\"elementor-row\">\n\t\t\t\t\t<div class=\"elementor-column elementor-col-100 elementor-top-column elementor-element elementor-element-eb396a9\" data-id=\"eb396a9\" data-element_type=\"column\">\n\t\t\t<div class=\"elementor-column-wrap elementor-element-populated\">\n\t\t\t\t\t\t\t<div class=\"elementor-widget-wrap\">\n\t\t\t\t\t\t<div class=\"elementor-element elementor-element-9b5ebe1 elementor-widget elementor-widget-text-editor\" data-id=\"9b5ebe1\" data-element_type=\"widget\" data-widget_type=\"text-editor.default\">\n\t\t\t\t<div class=\"elementor-widget-container\">\n\t\t\t\t\t\t\t\t<div class=\"elementor-text-editor elementor-clearfix\">\n\t\t\t\t<p style=\"text-align: left;\">1. Instrukcje BHP u\u017cytkowania i stosowania:\u00a0<\/p>\t\t\t\t\t<\/div>\n\t\t\t\t\t\t<\/div>\n\t\t\t\t<\/div>\n\t\t\t\t\t\t<\/div>\n\t\t\t\t\t<\/div>\n\t\t<\/div>\n\t\t\t\t\t\t\t\t<\/div>\n\t\t\t\t\t<\/div>\n\t\t<\/section>\n\t\t\t\t<section class=\"elementor-section elementor-top-section elementor-element elementor-element-3ea77b0 elementor-section-boxed elementor-section-height-default elementor-section-height-default\" data-id=\"3ea77b0\" data-element_type=\"section\">\n\t\t\t\t\t\t<div class=\"elementor-container elementor-column-gap-default\">\n\t\t\t\t\t\t\t<div class=\"elementor-row\">\n\t\t\t\t\t<div class=\"elementor-column elementor-col-100 elementor-top-column elementor-element elementor-element-22b4c59\" data-id=\"22b4c59\" data-element_type=\"column\">\n\t\t\t<div class=\"elementor-column-wrap elementor-element-populated\">\n\t\t\t\t\t\t\t<div class=\"elementor-widget-wrap\">\n\t\t\t\t\t\t<div class=\"elementor-element elementor-element-509dfe9 elementor-widget elementor-widget-text-editor\" data-id=\"509dfe9\" data-element_type=\"widget\" data-widget_type=\"text-editor.default\">\n\t\t\t\t<div class=\"elementor-widget-container\">\n\t\t\t\t\t\t\t\t<div class=\"elementor-text-editor elementor-clearfix\">\n\t\t\t\t<ul><li><span style=\"color: #000000;\"><a style=\"color: #000000;\" href=\"https:\/\/info.anneberg.com.pl\/wp-content\/uploads\/2025\/04\/bhp_01_pl.pdf\" target=\"_blank\" rel=\"noopener\">filtra Climax 725 do maski 731<\/a><\/span><\/li><li><span style=\"color: #000000;\"><a style=\"color: #000000;\" href=\"https:\/\/info.anneberg.com.pl\/wp-content\/uploads\/2025\/04\/bhp_02_pl.pdf\" target=\"_blank\" rel=\"noopener\">kaloszy BDMAXX \u00a0S5<\/a><\/span><\/li><li><span style=\"color: #000000;\"><a style=\"color: #000000;\" href=\"https:\/\/info.anneberg.com.pl\/wp-content\/uploads\/2025\/04\/bhp_03_pl.pdf\" target=\"_blank\" rel=\"noopener\">kamizelki ostrzegawczej EN ISO 20471 dla pracownik\u00f3w Anneberg Transpol int. sp. z o.o.<\/a><\/span><\/li><li><span style=\"color: #000000;\"><a style=\"color: #000000;\" href=\"https:\/\/info.anneberg.com.pl\/wp-content\/uploads\/2025\/04\/bhp_04_pl.pdf\" target=\"_blank\" rel=\"noopener\">kasku ochronnego Hardy niebieski zgodny z wymogami normy EN 397<\/a><\/span><\/li><li><span style=\"color: #000000;\"><a style=\"color: #000000;\" href=\"https:\/\/info.anneberg.com.pl\/wp-content\/uploads\/2025\/04\/bhp_05_pl.pdf\">kombinezon\u00f3w Tychem F dla pracownik\u00f3w Anneberg Transpol Int. sp. z o.o.<\/a><\/span><\/li><li><a href=\"https:\/\/info.anneberg.com.pl\/wp-content\/uploads\/2025\/04\/bhp_06_pl.pdf\" target=\"_blank\" rel=\"noopener\"><span style=\"color: #000000;\">kurtki ostrzegawczej dla pracownik\u00f3w Anneberg Transpol Int. Sp. z o.o.<\/span><\/a><\/li><li><span style=\"color: #000000;\"><a style=\"color: #000000;\" href=\"https:\/\/info.anneberg.com.pl\/wp-content\/uploads\/2025\/04\/bhp_07_pl.pdf\" target=\"_blank\" rel=\"noopener\">maski pe\u0142notwarzowej A 731 przeciwgazowej Climax<\/a><\/span><\/li><li><span style=\"color: #000000;\"><a style=\"color: #000000;\" href=\"https:\/\/info.anneberg.com.pl\/wp-content\/uploads\/2025\/04\/bhp_08_pl.pdf\" target=\"_blank\" rel=\"noopener\">obuwia model Sardegna S3<\/a><\/span><\/li><li><span style=\"color: #000000;\"><a style=\"color: #000000;\" href=\"https:\/\/info.anneberg.com.pl\/wp-content\/uploads\/2025\/04\/bhp_09_pl.pdf\" target=\"_blank\" rel=\"noopener\">obuwia model Sicilia S3<\/a><\/span><\/li><li><span style=\"color: #000000;\"><a style=\"color: #000000;\" href=\"https:\/\/info.anneberg.com.pl\/wp-content\/uploads\/2025\/04\/bhp_10_pl.pdf\" target=\"_blank\" rel=\"noopener\">obuwia spawalniczego Jasper S3 N ISO 20345 2011 Exena trzewiki dla spawacza<\/a><\/span><\/li><li><span style=\"color: #000000;\"><a style=\"color: #000000;\" href=\"https:\/\/info.anneberg.com.pl\/wp-content\/uploads\/2025\/04\/bhp_11_pl.pdf\" target=\"_blank\" rel=\"noopener\">okular\u00f3w ochronnych MCR Checklite<\/a><\/span><\/li><li><span style=\"color: #000000;\"><a style=\"color: #000000;\" href=\"https:\/\/info.anneberg.com.pl\/wp-content\/uploads\/2025\/04\/bhp_12_pl.pdf\" target=\"_blank\" rel=\"noopener\">okular\u00f3w ochronnych MCR Klondike<\/a><\/span><\/li><li><span style=\"color: #000000;\"><a style=\"color: #000000;\" href=\"https:\/\/info.anneberg.com.pl\/wp-content\/uploads\/2025\/04\/bhp_13_pl.pdf\" target=\"_blank\" rel=\"noopener\">okular\u00f3w PS30 bia\u0142e PPE 19161617<\/a><\/span><\/li><li><span style=\"color: #000000;\"><a style=\"color: #000000;\" href=\"https:\/\/info.anneberg.com.pl\/wp-content\/uploads\/2025\/04\/bhp_14_pl.pdf\" target=\"_blank\" rel=\"noopener\">os\u0142ony karku K38-015 B PN EN 171 2006<\/a><\/span><\/li><li><span style=\"color: #000000;\"><a style=\"color: #000000;\" href=\"https:\/\/info.anneberg.com.pl\/wp-content\/uploads\/2025\/04\/bhp_15_pl.pdf\" target=\"_blank\" rel=\"noopener\">os\u0142ony twarzy poliw\u0119glan 1,00 MM V2C EN 166<\/a><\/span><\/li><li><span style=\"color: #000000;\"><a style=\"color: #000000;\" href=\"https:\/\/info.anneberg.com.pl\/wp-content\/uploads\/2025\/04\/bhp_16_pl.pdf\" target=\"_blank\" rel=\"noopener\">p\u00f3\u0142maski Climax 761<\/a><\/span><\/li><li><span style=\"color: #000000;\"><a style=\"color: #000000;\" href=\"https:\/\/info.anneberg.com.pl\/wp-content\/uploads\/2025\/04\/bhp_17_pl.pdf\" target=\"_blank\" rel=\"noopener\">r\u0119kawic nitrylowych Mankiet 1003 dziane powlekane nitrylem sztywny mankiet<\/a><\/span><\/li><li><span style=\"color: #000000;\"><a style=\"color: #000000;\" href=\"https:\/\/info.anneberg.com.pl\/wp-content\/uploads\/2025\/04\/bhp_18_pl.pdf\" target=\"_blank\" rel=\"noopener\">r\u0119kawic Rtela<\/a><\/span><\/li><li><span style=\"color: #000000;\"><a style=\"color: #000000;\" href=\"https:\/\/info.anneberg.com.pl\/wp-content\/uploads\/2025\/04\/bhp_19_pl.pdf\" target=\"_blank\" rel=\"noopener\">r\u0119kawiczek spawalniczych RSPBC Indianex<\/a><\/span><\/li><li><span style=\"color: #000000;\"><a style=\"color: #000000;\" href=\"https:\/\/info.anneberg.com.pl\/wp-content\/uploads\/2025\/04\/bhp_20_pl.pdf\" target=\"_blank\" rel=\"noopener\">szelki bezpiecze\u0144stwa P01 EN 361<\/a><\/span><\/li><li><a href=\"https:\/\/info.anneberg.com.pl\/wp-content\/uploads\/2025\/04\/bhp_21_pl.pdf\" target=\"_blank\" rel=\"noopener\"><span style=\"color: #000000;\">szelki bezpiecze\u0144stwa Spider S certyfikat CE EN-361<\/span><\/a><\/li><li><a href=\"https:\/\/info.anneberg.com.pl\/wp-content\/uploads\/2025\/04\/bhp_22_pl.pdf\" target=\"_blank\" rel=\"noopener\"><span style=\"color: #000000;\">ubrania Master dla pracownik\u00f3w Anneberg Transpol Int. sp. z o.o<\/span>.<\/a><\/li><li><span style=\"color: #000000;\"><a style=\"color: #000000;\" href=\"https:\/\/info.anneberg.com.pl\/wp-content\/uploads\/2025\/04\/bhp_23_pl.pdf\" target=\"_blank\" rel=\"noopener\">urz\u0105dzenia samohamownego WR 100 6 MB (indywidualny sprz\u0119t chroni\u0105cy przed upadkiem z wysoko\u015bci)<\/a><\/span><\/li><li><span style=\"color: #000000;\"><a style=\"color: #000000;\" href=\"https:\/\/info.anneberg.com.pl\/wp-content\/uploads\/2025\/04\/bhp_24_pl.pdf\" target=\"_blank\" rel=\"noopener\">i konserwacji: r\u0119kawice neoprenowe SHOWA CHM<\/a><\/span><\/li><li><span style=\"color: #000000;\"><a style=\"color: #000000;\" href=\"https:\/\/info.anneberg.com.pl\/wp-content\/uploads\/2025\/04\/bhp_25_pl.pdf\" target=\"_blank\" rel=\"noopener\">kombinezonu multifunkcyjnego 6W1<\/a><\/span><\/li><\/ul>\t\t\t\t\t<\/div>\n\t\t\t\t\t\t<\/div>\n\t\t\t\t<\/div>\n\t\t\t\t\t\t<\/div>\n\t\t\t\t\t<\/div>\n\t\t<\/div>\n\t\t\t\t\t\t\t\t<\/div>\n\t\t\t\t\t<\/div>\n\t\t<\/section>\n\t\t\t\t<section class=\"elementor-section elementor-top-section elementor-element elementor-element-1c3b509 elementor-section-boxed elementor-section-height-default elementor-section-height-default\" data-id=\"1c3b509\" data-element_type=\"section\">\n\t\t\t\t\t\t<div class=\"elementor-container elementor-column-gap-default\">\n\t\t\t\t\t\t\t<div class=\"elementor-row\">\n\t\t\t\t\t<div class=\"elementor-column elementor-col-100 elementor-top-column elementor-element elementor-element-a1655ff\" data-id=\"a1655ff\" data-element_type=\"column\">\n\t\t\t<div class=\"elementor-column-wrap elementor-element-populated\">\n\t\t\t\t\t\t\t<div class=\"elementor-widget-wrap\">\n\t\t\t\t\t\t<div class=\"elementor-element elementor-element-7364920 elementor-widget elementor-widget-text-editor\" data-id=\"7364920\" data-element_type=\"widget\" data-widget_type=\"text-editor.default\">\n\t\t\t\t<div class=\"elementor-widget-container\">\n\t\t\t\t\t\t\t\t<div class=\"elementor-text-editor elementor-clearfix\">\n\t\t\t\t<p><span style=\"color: #000000;\">2<a style=\"color: #000000;\" href=\"https:\/\/info.anneberg.com.pl\/wp-content\/uploads\/2025\/04\/bhp_27_pl_n1.pdf\" target=\"_blank\" rel=\"noopener\">. \u015arodki ochrony osobistej Anneberg &#8211; normy\u00a0<\/a><\/span><\/p><p><span style=\"color: #000000;\">3. <a style=\"color: #000000;\" href=\"https:\/\/info.anneberg.com.pl\/wp-content\/uploads\/2025\/04\/bhp_26_pl_n2.pdf\" target=\"_blank\" rel=\"noopener\">\u015arodki ochrony osobistej Anneberg &#8211; normy 2<\/a><\/span><\/p>\t\t\t\t\t<\/div>\n\t\t\t\t\t\t<\/div>\n\t\t\t\t<\/div>\n\t\t\t\t\t\t<\/div>\n\t\t\t\t\t<\/div>\n\t\t<\/div>\n\t\t\t\t\t\t\t\t<\/div>\n\t\t\t\t\t<\/div>\n\t\t<\/section>\n\t\t\t\t\t\t<\/div>\n\t\t\t\t\t\t<\/div>\n\t\t\t\t\t<\/div>\n\t\t","protected":false},"excerpt":{"rendered":"<p>1. Instrukcje BHP u\u017cytkowania i stosowania:\u00a0 filtra Climax 725 do maski 731 kaloszy BDMAXX \u00a0S5 kamizelki ostrzegawczej EN ISO 20471 dla pracownik\u00f3w Anneberg Transpol int. sp. z o.o. kasku ochronnego Hardy niebieski zgodny z wymogami normy EN 397 kombinezon\u00f3w Tychem F dla pracownik\u00f3w Anneberg Transpol Int. sp. z o.o. kurtki ostrzegawczej dla pracownik\u00f3w Anneberg Transpol [&hellip;]<\/p>\n","protected":false},"author":1,"featured_media":0,"parent":0,"menu_order":0,"comment_status":"closed","ping_status":"closed","template":"","meta":{"_mc_calendar":[],"footnotes":""},"class_list":["post-2754","page","type-page","status-publish","hentry"],"_links":{"self":[{"href":"https:\/\/info.anneberg.com.pl\/index.php\/wp-json\/wp\/v2\/pages\/2754","targetHints":{"allow":["GET"]}}],"collection":[{"href":"https:\/\/info.anneberg.com.pl\/index.php\/wp-json\/wp\/v2\/pages"}],"about":[{"href":"https:\/\/info.anneberg.com.pl\/index.php\/wp-json\/wp\/v2\/types\/page"}],"author":[{"embeddable":true,"href":"https:\/\/info.anneberg.com.pl\/index.php\/wp-json\/wp\/v2\/users\/1"}],"replies":[{"embeddable":true,"href":"https:\/\/info.anneberg.com.pl\/index.php\/wp-json\/wp\/v2\/comments?post=2754"}],"version-history":[{"count":139,"href":"https:\/\/info.anneberg.com.pl\/index.php\/wp-json\/wp\/v2\/pages\/2754\/revisions"}],"predecessor-version":[{"id":2923,"href":"https:\/\/info.anneberg.com.pl\/index.php\/wp-json\/wp\/v2\/pages\/2754\/revisions\/2923"}],"wp:attachment":[{"href":"https:\/\/info.anneberg.com.pl\/index.php\/wp-json\/wp\/v2\/media?parent=2754"}],"curies":[{"name":"wp","href":"https:\/\/api.w.org\/{rel}","templated":true}]}}