{"id":454,"date":"2019-05-30T09:13:31","date_gmt":"2019-05-30T07:13:31","guid":{"rendered":"http:\/\/info.anneberg.com.pl\/?page_id=454"},"modified":"2024-11-26T12:43:26","modified_gmt":"2024-11-26T11:43:26","slug":"strona-glowna","status":"publish","type":"page","link":"https:\/\/info.anneberg.com.pl\/","title":{"rendered":"Strona g\u0142\u00f3wna"},"content":{"rendered":"\t\t<div data-elementor-type=\"wp-post\" data-elementor-id=\"454\" class=\"elementor elementor-454\" data-elementor-settings=\"[]\">\n\t\t\t\t\t\t<div class=\"elementor-inner\">\n\t\t\t\t\t\t\t<div class=\"elementor-section-wrap\">\n\t\t\t\t\t\t\t<section class=\"elementor-section elementor-top-section elementor-element elementor-element-3cc5455 elementor-section-boxed elementor-section-height-default elementor-section-height-default\" data-id=\"3cc5455\" data-element_type=\"section\">\n\t\t\t\t\t\t<div class=\"elementor-container elementor-column-gap-default\">\n\t\t\t\t\t\t\t<div class=\"elementor-row\">\n\t\t\t\t\t<div class=\"elementor-column elementor-col-100 elementor-top-column elementor-element elementor-element-c4df586\" data-id=\"c4df586\" data-element_type=\"column\">\n\t\t\t<div class=\"elementor-column-wrap elementor-element-populated\">\n\t\t\t\t\t\t\t<div class=\"elementor-widget-wrap\">\n\t\t\t\t\t\t<div class=\"elementor-element elementor-element-948910d elementor-widget elementor-widget-text-editor\" data-id=\"948910d\" data-element_type=\"widget\" data-widget_type=\"text-editor.default\">\n\t\t\t\t<div class=\"elementor-widget-container\">\n\t\t\t\t\t\t\t\t<div class=\"elementor-text-editor elementor-clearfix\">\n\t\t\t\t<p>\u00a0<\/p><p>\u00a0<\/p><h4 style=\"text-align: right;\"><a href=\"http:\/\/info-an.anneberg.com.pl\/\" rel=\"attachment wp-att-2110\"><img loading=\"lazy\" decoding=\"async\" class=\"alignnone wp-image-2110\" src=\"http:\/\/info.anneberg.com.pl\/wp-content\/uploads\/2021\/10\/gb-1.png\" alt=\"\" width=\"29\" height=\"22\" \/><\/a><\/h4><p><span style=\"color: #000000;\">Witaj na stronie dla pracownik\u00f3w Anneberg Transpol<\/span><\/p><p><span style=\"color: #000000;\">Aby zobaczy\u0107 tre\u015b\u0107 poszczeg\u00f3lnych stron musisz poda\u0107 has\u0142o kt\u00f3re jest w twoim komputerze pok\u0142adowym.<\/span>\u00a0<\/p>\t\t\t\t\t<\/div>\n\t\t\t\t\t\t<\/div>\n\t\t\t\t<\/div>\n\t\t\t\t\t\t<\/div>\n\t\t\t\t\t<\/div>\n\t\t<\/div>\n\t\t\t\t\t\t\t\t<\/div>\n\t\t\t\t\t<\/div>\n\t\t<\/section>\n\t\t\t\t\t\t<\/div>\n\t\t\t\t\t\t<\/div>\n\t\t\t\t\t<\/div>\n\t\t","protected":false},"excerpt":{"rendered":"<p>\u00a0 \u00a0 Witaj na stronie dla pracownik\u00f3w Anneberg Transpol Aby zobaczy\u0107 tre\u015b\u0107 poszczeg\u00f3lnych stron musisz poda\u0107 has\u0142o kt\u00f3re jest w twoim komputerze pok\u0142adowym.\u00a0<\/p>\n","protected":false},"author":1,"featured_media":0,"parent":0,"menu_order":0,"comment_status":"closed","ping_status":"closed","template":"","meta":{"_mc_calendar":[],"footnotes":""},"class_list":["post-454","page","type-page","status-publish","hentry"],"_links":{"self":[{"href":"https:\/\/info.anneberg.com.pl\/index.php\/wp-json\/wp\/v2\/pages\/454","targetHints":{"allow":["GET"]}}],"collection":[{"href":"https:\/\/info.anneberg.com.pl\/index.php\/wp-json\/wp\/v2\/pages"}],"about":[{"href":"https:\/\/info.anneberg.com.pl\/index.php\/wp-json\/wp\/v2\/types\/page"}],"author":[{"embeddable":true,"href":"https:\/\/info.anneberg.com.pl\/index.php\/wp-json\/wp\/v2\/users\/1"}],"replies":[{"embeddable":true,"href":"https:\/\/info.anneberg.com.pl\/index.php\/wp-json\/wp\/v2\/comments?post=454"}],"version-history":[{"count":12,"href":"https:\/\/info.anneberg.com.pl\/index.php\/wp-json\/wp\/v2\/pages\/454\/revisions"}],"predecessor-version":[{"id":2712,"href":"https:\/\/info.anneberg.com.pl\/index.php\/wp-json\/wp\/v2\/pages\/454\/revisions\/2712"}],"wp:attachment":[{"href":"https:\/\/info.anneberg.com.pl\/index.php\/wp-json\/wp\/v2\/media?parent=454"}],"curies":[{"name":"wp","href":"https:\/\/api.w.org\/{rel}","templated":true}]}}