{"id":723,"date":"2019-11-28T15:01:39","date_gmt":"2019-11-28T14:01:39","guid":{"rendered":"http:\/\/info.anneberg.com.pl\/?page_id=723"},"modified":"2019-11-29T12:08:08","modified_gmt":"2019-11-29T11:08:08","slug":"pojedyncza-obsada","status":"publish","type":"page","link":"https:\/\/info.anneberg.com.pl\/index.php\/pojedyncza-obsada\/","title":{"rendered":"Pojedyncza obsada"},"content":{"rendered":"\t\t<div data-elementor-type=\"wp-page\" data-elementor-id=\"723\" class=\"elementor elementor-723\" data-elementor-settings=\"[]\">\n\t\t\t\t\t\t<div class=\"elementor-inner\">\n\t\t\t\t\t\t\t<div class=\"elementor-section-wrap\">\n\t\t\t\t\t\t\t<section class=\"elementor-section elementor-top-section elementor-element elementor-element-cb38ae4 elementor-section-boxed elementor-section-height-default elementor-section-height-default\" data-id=\"cb38ae4\" data-element_type=\"section\">\n\t\t\t\t\t\t<div class=\"elementor-container elementor-column-gap-default\">\n\t\t\t\t\t\t\t<div class=\"elementor-row\">\n\t\t\t\t\t<div class=\"elementor-column elementor-col-100 elementor-top-column elementor-element elementor-element-ee7d0ad\" data-id=\"ee7d0ad\" data-element_type=\"column\">\n\t\t\t<div class=\"elementor-column-wrap elementor-element-populated\">\n\t\t\t\t\t\t\t<div class=\"elementor-widget-wrap\">\n\t\t\t\t\t\t<div class=\"elementor-element elementor-element-b801d53 elementor-widget elementor-widget-text-editor\" data-id=\"b801d53\" data-element_type=\"widget\" data-widget_type=\"text-editor.default\">\n\t\t\t\t<div class=\"elementor-widget-container\">\n\t\t\t\t\t\t\t\t<div class=\"elementor-text-editor elementor-clearfix\">\n\t\t\t\t<h2 style=\"background: none 0% 0% \/ auto repeat scroll padding-box border-box transparent; border: 0px none currentcolor; color: #000000; font-family: inherit; font-size: 1.5em; font-variant-numeric: normal; font-variant-east-asian: normal; font-weight: bold; line-height: initial; margin: 0.83em 0px; outline-style: none; outline-width: 0px; padding: 0px; text-align: center;\">Odpoczynki dobowe\u00a0<\/h2><h3 style=\"background: none 0% 0% \/ auto repeat scroll padding-box border-box transparent; border: 0px none currentcolor; color: #000000; font-family: inherit; font-size: 1.17em; font-variant-numeric: normal; font-variant-east-asian: normal; font-weight: bold; line-height: initial; margin: 1em 0px; outline-style: none; outline-width: 0px; padding: 0px;\">Dzienny okres odpoczynku<\/h3><p class=\"p2\" style=\"background: none 0% 0% \/ auto repeat scroll padding-box border-box transparent; border: 0px none currentcolor; color: #000000; font-size: 100%; font-variant-numeric: normal; font-variant-east-asian: normal; margin-bottom: 1em; margin-top: 1em; outline-style: none; outline-width: 0px; padding: 0px;\"><span class=\"s1\" style=\"background-attachment: scroll; background-clip: border-box; background-color: transparent; background-image: none; background-origin: padding-box; background-position-x: 0%; background-position-y: 0%; background-repeat: repeat; background-size: auto; border-image-outset: 0; border-image-repeat: stretch; border-image-slice: 100%; border-image-source: none; border-image-width: 1; font-size: 100%; outline-color: invert; outline-style: none; outline-width: 0px; padding: 0px; margin: 0px; border: 0px none currentColor;\">Zgodnie z art. 4 ust. g) Rozporz\u0105dzenia (WE) Parlamentu<span class=\"Apple-converted-space\" style=\"background-attachment: scroll; background-clip: border-box; background-color: transparent; background-image: none; background-origin: padding-box; background-position-x: 0%; background-position-y: 0%; background-repeat: repeat; background-size: auto; border-image-outset: 0; border-image-repeat: stretch; border-image-slice: 100%; border-image-source: none; border-image-width: 1; font-size: 100%; outline-color: invert; outline-style: none; outline-width: 0px; padding: 0px; margin: 0px; border: 0px none currentColor;\">\u00a0 <\/span>Europejskiego i Rady nr 561\/2006<\/span>\u00a0<\/p><p class=\"p4\" style=\"background: none 0% 0% \/ auto repeat scroll padding-box border-box transparent; border: 0px none currentcolor; color: #000000; font-size: 100%; font-variant-numeric: normal; font-variant-east-asian: normal; margin-bottom: 1em; margin-top: 1em; outline-style: none; outline-width: 0px; padding: 0px;\"><span class=\"s1\" style=\"background-attachment: scroll; background-clip: border-box; background-color: transparent; background-image: none; background-origin: padding-box; background-position-x: 0%; background-position-y: 0%; background-repeat: repeat; background-size: auto; border-image-outset: 0; border-image-repeat: stretch; border-image-slice: 100%; border-image-source: none; border-image-width: 1; font-size: 100%; outline-color: invert; outline-style: none; outline-width: 0px; padding: 0px; margin: 0px; border: 0px none currentColor;\">Dzienny okres odpoczynku <\/span><span class=\"s2\" style=\"background-attachment: scroll; background-clip: border-box; background-color: transparent; background-image: none; background-origin: padding-box; background-position-x: 0%; background-position-y: 0%; background-repeat: repeat; background-size: auto; border-image-outset: 0; border-image-repeat: stretch; border-image-slice: 100%; border-image-source: none; border-image-width: 1; font-size: 100%; outline-color: invert; outline-style: none; outline-width: 0px; padding: 0px; margin: 0px; border: 0px none currentColor;\">&#8211;<span class=\"Apple-converted-space\" style=\"background-attachment: scroll; background-clip: border-box; background-color: transparent; background-image: none; background-origin: padding-box; background-position-x: 0%; background-position-y: 0%; background-repeat: repeat; background-size: auto; border-image-outset: 0; border-image-repeat: stretch; border-image-slice: 100%; border-image-source: none; border-image-width: 1; font-size: 100%; outline-color: invert; outline-style: none; outline-width: 0px; padding: 0px; margin: 0px; border: 0px none currentColor;\">\u00a0 <\/span>oznacza dzienny okres, w kt\u00f3rym <\/span><span class=\"s1\" style=\"background-attachment: scroll; background-clip: border-box; background-color: transparent; background-image: none; background-origin: padding-box; background-position-x: 0%; background-position-y: 0%; background-repeat: repeat; background-size: auto; border-image-outset: 0; border-image-repeat: stretch; border-image-slice: 100%; border-image-source: none; border-image-width: 1; font-size: 100%; outline-color: invert; outline-style: none; outline-width: 0px; padding: 0px; margin: 0px; border: 0px none currentColor;\">kierowca mo\u017ce swobodnie dysponowa\u0107 swoim czasem i obejmuje \u201eregularny dzienny okres odpoczynku\u201d lub \u201eskr\u00f3cony dzienny okres odpoczynku\u201d.<\/span><\/p><p class=\"p4\" style=\"background: none 0% 0% \/ auto repeat scroll padding-box border-box transparent; border: 0px none currentcolor; color: #000000; font-size: 100%; font-variant-numeric: normal; font-variant-east-asian: normal; margin-bottom: 1em; margin-top: 1em; outline-style: none; outline-width: 0px; padding: 0px;\"><span class=\"s1\" style=\"background-attachment: scroll; background-clip: border-box; background-color: transparent; background-image: none; background-origin: padding-box; background-position-x: 0%; background-position-y: 0%; background-repeat: repeat; background-size: auto; border-image-outset: 0; border-image-repeat: stretch; border-image-slice: 100%; border-image-source: none; border-image-width: 1; font-size: 100%; outline-color: invert; outline-style: none; outline-width: 0px; padding: 0px; margin: 0px; border: 0px none currentColor;\">Swobodne dysponowanie swoim czasem to istota odpoczynku dobowego.\u00a0<\/span><span class=\"s1\" style=\"background-attachment: scroll; background-clip: border-box; background-color: transparent; background-image: none; background-origin: padding-box; background-position-x: 0%; background-position-y: 0%; background-repeat: repeat; background-size: auto; border-image-outset: 0; border-image-repeat: stretch; border-image-slice: 100%; border-image-source: none; border-image-width: 1; font-size: 100%; outline-color: invert; outline-style: none; outline-width: 0px; padding: 0px; margin: 0px; border: 0px none currentColor;\">Je\u017celi kierowca na tachografie zaznaczy odpoczynek (\u0142\u00f3\u017ceczko), ale w tym czasie b\u0119dzie wykonywa\u0142 na przyk\u0142ad: za\u0142adunek, roz\u0142adunek lub napraw\u0119 samochodu &#8211; <span style=\"background: none 0% 0% \/ auto repeat scroll padding-box border-box transparent; border: 0px none currentcolor; font-size: 100%; margin: 0px; outline-style: none; outline-width: 0px; padding: 0px;\">nie jest to jego swobodne dysponowanie czasem <\/span>i wi\u0105\u017ce si\u0119 z mo\u017cliwo\u015bci\u0105 na\u0142o\u017cenia kary, je\u015bli ten fakt zostanie ujawniony podczas kontroli.<\/span><\/p><h3 style=\"background: none 0% 0% \/ auto repeat scroll padding-box border-box transparent; border: 0px none currentcolor; color: #000000; font-family: inherit; font-size: 1.17em; font-variant-numeric: normal; font-variant-east-asian: normal; font-weight: bold; line-height: initial; margin: 1em 0px; outline-style: none; outline-width: 0px; padding: 0px;\">Regularny dzienny okres odpoczynku<\/h3><p class=\"p1\" style=\"background: none 0% 0% \/ auto repeat scroll padding-box border-box transparent; border: 0px none currentcolor; color: #000000; font-size: 100%; font-variant-numeric: normal; font-variant-east-asian: normal; margin-bottom: 1em; margin-top: 1em; outline-style: none; outline-width: 0px; padding: 0px;\"><span class=\"s1\" style=\"background-attachment: scroll; background-clip: border-box; background-color: transparent; background-image: none; background-origin: padding-box; background-position-x: 0%; background-position-y: 0%; background-repeat: repeat; background-size: auto; border-image-outset: 0; border-image-repeat: stretch; border-image-slice: 100%; border-image-source: none; border-image-width: 1; font-size: 100%; outline-color: invert; outline-style: none; outline-width: 0px; padding: 0px; margin: 0px; border: 0px none currentColor;\">Zgodnie z art. 4 ust. g) Rozporz\u0105dzenia (WE) Parlamentu<span class=\"Apple-converted-space\" style=\"background-attachment: scroll; background-clip: border-box; background-color: transparent; background-image: none; background-origin: padding-box; background-position-x: 0%; background-position-y: 0%; background-repeat: repeat; background-size: auto; border-image-outset: 0; border-image-repeat: stretch; border-image-slice: 100%; border-image-source: none; border-image-width: 1; font-size: 100%; outline-color: invert; outline-style: none; outline-width: 0px; padding: 0px; margin: 0px; border: 0px none currentColor;\">\u00a0 <\/span>Europejskiego i Rady nr 561\/2006<\/span><\/p><p class=\"p4\" style=\"background: none 0% 0% \/ auto repeat scroll padding-box border-box transparent; border: 0px none currentcolor; color: #000000; font-size: 100%; font-variant-numeric: normal; font-variant-east-asian: normal; margin-bottom: 1em; margin-top: 1em; outline-style: none; outline-width: 0px; padding: 0px;\"><span class=\"s1\" style=\"background-attachment: scroll; background-clip: border-box; background-color: transparent; background-image: none; background-origin: padding-box; background-position-x: 0%; background-position-y: 0%; background-repeat: repeat; background-size: auto; border-image-outset: 0; border-image-repeat: stretch; border-image-slice: 100%; border-image-source: none; border-image-width: 1; font-size: 100%; outline-color: invert; outline-style: none; outline-width: 0px; padding: 0px; margin: 0px; border: 0px none currentColor;\">Regularny dzienny okres odpoczynku<\/span><span class=\"s2\" style=\"background-attachment: scroll; background-clip: border-box; background-color: transparent; background-image: none; background-origin: padding-box; background-position-x: 0%; background-position-y: 0%; background-repeat: repeat; background-size: auto; border-image-outset: 0; border-image-repeat: stretch; border-image-slice: 100%; border-image-source: none; border-image-width: 1; font-size: 100%; outline-color: invert; outline-style: none; outline-width: 0px; padding: 0px; margin: 0px; border: 0px none currentColor;\"> oznacza nieprzerwany <\/span><span class=\"s1\" style=\"background-attachment: scroll; background-clip: border-box; background-color: transparent; background-image: none; background-origin: padding-box; background-position-x: 0%; background-position-y: 0%; background-repeat: repeat; background-size: auto; border-image-outset: 0; border-image-repeat: stretch; border-image-slice: 100%; border-image-source: none; border-image-width: 1; font-size: 100%; outline-color: invert; outline-style: none; outline-width: 0px; padding: 0px; margin: 0px; border: 0px none currentColor;\">odpoczynek trwaj\u0105cy co najmniej 11 godzin\u2026<\/span><\/p><p class=\"p5\" style=\"background: none 0% 0% \/ auto repeat scroll padding-box border-box transparent; border: 0px none currentcolor; color: #000000; font-size: 100%; font-variant-numeric: normal; font-variant-east-asian: normal; margin-bottom: 1em; margin-top: 1em; outline-style: none; outline-width: 0px; padding: 0px;\"><span class=\"s1\" style=\"background-attachment: scroll; background-clip: border-box; background-color: transparent; background-image: none; background-origin: padding-box; background-position-x: 0%; background-position-y: 0%; background-repeat: repeat; background-size: auto; border-image-outset: 0; border-image-repeat: stretch; border-image-slice: 100%; border-image-source: none; border-image-width: 1; font-size: 100%; outline-color: invert; outline-style: none; outline-width: 0px; padding: 0px; margin: 0px; border: 0px none currentColor;\">\u2026czyli np. je\u017celi kierowca rozpocznie prac\u0119 o godz. 7:00, to musi zako\u0144czy\u0107 prac\u0119 najp\u00f3\u017aniej o 20:00, \u017ceby odpoczynek m\u00f3g\u0142 zosta\u0107 uznany za regularny.<\/span><\/p><p class=\"p5\"><span class=\"s1\"><img loading=\"lazy\" decoding=\"async\" src=\"https:\/\/sklep.install.pl\/public\/assets\/\/1.%20Odpoczynek%20dobowy.png\" alt=\"\" width=\"700\" height=\"167\" \/><\/span><span class=\"s3\">R<\/span><span class=\"s1\" style=\"color: #000000;\">egularny dzienny okres odpoczynku mo\u017cna wykorzysta\u0107 w dw\u00f3ch cz\u0119\u015bciach, z kt\u00f3rych pierwsza musi nieprzerwanie trwa\u0107 co najmniej 3 godziny a druga co najmniej 9 godzin\u2026<\/span><\/p><p class=\"p5\"><span class=\"s1\" style=\"color: #000000;\">\u2026czyli np. je\u017celi kierowca rozpocznie prac\u0119 o godz. 7:00, to w poni\u017cszym przyk\u0142adzie mo\u017ce zako\u0144czy\u0107 prac\u0119 o godz. 22:00 i je\u017celi wcze\u015bniej mia\u0142 co najmniej 3h odpoczynku, to w\u00f3wczas b\u0119dzie odebrany regularny dzienny okres odpoczynku 3h + 9h.<\/span><\/p><p class=\"p5\"><span class=\"s1\"><img loading=\"lazy\" decoding=\"async\" src=\"https:\/\/sklep.install.pl\/public\/assets\/\/2.%20Odpoczynek%203%2B9.png\" alt=\"\" width=\"702\" height=\"161\" \/><\/span><\/p><h3><strong><span style=\"color: #000000;\">Skr\u00f3cony dzienny okres odpoczynku<\/span><\/strong><\/h3><p class=\"p1\"><span class=\"s1\" style=\"color: #000000;\">Zgodnie z art. 4 ust. g) Rozporz\u0105dzenia (WE) Parlamentu<span class=\"Apple-converted-space\">\u00a0 <\/span>Europejskiego i Rady nr 561\/2006<\/span><\/p><p class=\"p5\"><span style=\"color: #000000;\"><span class=\"s3\">Skr\u00f3cony dzienny okres odpoczynku <\/span><span class=\"s1\">oznacza nieprzerwany odpoczynek trwaj\u0105cy co najmniej 9 godzin, ale kr\u00f3cej ni\u017c 11 godzin<\/span><\/span><\/p><p class=\"p5\"><span class=\"s1\" style=\"color: #000000;\">\u2026czyli np. je\u017celi kierowca rozpocznie prac\u0119 o godz. 7:00, to w poni\u017cszym przyk\u0142adzie musi zako\u0144czy\u0107 prac\u0119 najp\u00f3\u017aniej o 22:00 i w\u00f3wczas b\u0119dzie odebrany skr\u00f3cony dzienny okres odpoczynku<\/span><\/p><p class=\"p5\"><img loading=\"lazy\" decoding=\"async\" src=\"https:\/\/sklep.install.pl\/public\/assets\/\/2.%20Odpoczynek%203%2B9.png\" alt=\"\" width=\"702\" height=\"161\" \/><\/p><p class=\"p6\"><span style=\"color: #000000;\"> Zgodnie z art. 8 ust. 4 Rozporz\u0105dzenia (WE) Parlamentu<span class=\"Apple-converted-space\">\u00a0 <\/span>Europejskiego i Rady nr 561\/2006:\u00a0<\/span><\/p><p><span style=\"color: #000000;\"><span class=\"s2\">Kierowca mo\u017ce mie\u0107 najwy\u017cej <\/span><span class=\"s1\">trzy skr\u00f3cone dzienne okresy odpoczynku pomi\u0119dzy dwoma tygodniowymi okresami odpoczynku.<\/span><\/span><\/p><p><span class=\"s1\"><img loading=\"lazy\" decoding=\"async\" src=\"https:\/\/sklep.install.pl\/public\/assets\/\/3%20skro%CC%81cone%20dzienne%20okresy%20odpoczynku%20.png\" alt=\"\" width=\"704\" height=\"281\" \/><\/span><\/p><ol class=\"ol1\"><li class=\"li5\"><span style=\"color: #000000;\"><span class=\"s1\">Zgodnie z Wytyczn\u0105 nr 7 Komisji Europejskiej w<\/span><span class=\"s3\"><strong> ka\u017cdym 24 godzinnym okresie <\/strong><\/span><span class=\"s1\">po up\u0142ywie poprzedniego dziennego okresu odpoczynku lub tygodniowego okresu odpoczynku kierowca musi wykorzysta\u0107 kolejny dzienny okres odpoczynku.<br \/><\/span><\/span><\/li><li class=\"li7\"><span class=\"s1\"><span style=\"color: #000000;\">Dzienny okres odpoczynku mo\u017ce zosta\u0107 przed\u0142u\u017cony do rozmiar\u00f3w regularnego lub skr\u00f3conego tygodniowego okresu odpoczynku<\/span>.<\/span><\/li><\/ol>\t\t\t\t\t<\/div>\n\t\t\t\t\t\t<\/div>\n\t\t\t\t<\/div>\n\t\t\t\t\t\t<\/div>\n\t\t\t\t\t<\/div>\n\t\t<\/div>\n\t\t\t\t\t\t\t\t<\/div>\n\t\t\t\t\t<\/div>\n\t\t<\/section>\n\t\t\t\t\t\t<\/div>\n\t\t\t\t\t\t<\/div>\n\t\t\t\t\t<\/div>\n\t\t","protected":false},"excerpt":{"rendered":"<p>Odpoczynki dobowe\u00a0 Dzienny okres odpoczynku Zgodnie z art. 4 ust. g) Rozporz\u0105dzenia (WE) Parlamentu\u00a0 Europejskiego i Rady nr 561\/2006\u00a0 Dzienny okres odpoczynku &#8211;\u00a0 oznacza dzienny okres, w kt\u00f3rym kierowca mo\u017ce swobodnie dysponowa\u0107 swoim czasem i obejmuje \u201eregularny dzienny okres odpoczynku\u201d lub \u201eskr\u00f3cony dzienny okres odpoczynku\u201d. Swobodne dysponowanie swoim czasem to istota odpoczynku dobowego.\u00a0Je\u017celi kierowca na [&hellip;]<\/p>\n","protected":false},"author":1,"featured_media":0,"parent":0,"menu_order":0,"comment_status":"closed","ping_status":"closed","template":"","meta":{"_mc_calendar":[],"footnotes":""},"class_list":["post-723","page","type-page","status-publish","hentry"],"_links":{"self":[{"href":"https:\/\/info.anneberg.com.pl\/index.php\/wp-json\/wp\/v2\/pages\/723","targetHints":{"allow":["GET"]}}],"collection":[{"href":"https:\/\/info.anneberg.com.pl\/index.php\/wp-json\/wp\/v2\/pages"}],"about":[{"href":"https:\/\/info.anneberg.com.pl\/index.php\/wp-json\/wp\/v2\/types\/page"}],"author":[{"embeddable":true,"href":"https:\/\/info.anneberg.com.pl\/index.php\/wp-json\/wp\/v2\/users\/1"}],"replies":[{"embeddable":true,"href":"https:\/\/info.anneberg.com.pl\/index.php\/wp-json\/wp\/v2\/comments?post=723"}],"version-history":[{"count":14,"href":"https:\/\/info.anneberg.com.pl\/index.php\/wp-json\/wp\/v2\/pages\/723\/revisions"}],"predecessor-version":[{"id":780,"href":"https:\/\/info.anneberg.com.pl\/index.php\/wp-json\/wp\/v2\/pages\/723\/revisions\/780"}],"wp:attachment":[{"href":"https:\/\/info.anneberg.com.pl\/index.php\/wp-json\/wp\/v2\/media?parent=723"}],"curies":[{"name":"wp","href":"https:\/\/api.w.org\/{rel}","templated":true}]}}