{"id":736,"date":"2019-11-28T15:45:34","date_gmt":"2019-11-28T14:45:34","guid":{"rendered":"http:\/\/info.anneberg.com.pl\/?page_id=736"},"modified":"2019-11-29T12:08:53","modified_gmt":"2019-11-29T11:08:53","slug":"zaloga","status":"publish","type":"page","link":"https:\/\/info.anneberg.com.pl\/index.php\/zaloga\/","title":{"rendered":"Za\u0142oga"},"content":{"rendered":"\t\t<div data-elementor-type=\"wp-page\" data-elementor-id=\"736\" class=\"elementor elementor-736\" data-elementor-settings=\"[]\">\n\t\t\t\t\t\t<div class=\"elementor-inner\">\n\t\t\t\t\t\t\t<div class=\"elementor-section-wrap\">\n\t\t\t\t\t\t\t<section class=\"elementor-section elementor-top-section elementor-element elementor-element-6fbfc05 elementor-section-boxed elementor-section-height-default elementor-section-height-default\" data-id=\"6fbfc05\" data-element_type=\"section\">\n\t\t\t\t\t\t<div class=\"elementor-container elementor-column-gap-default\">\n\t\t\t\t\t\t\t<div class=\"elementor-row\">\n\t\t\t\t\t<div class=\"elementor-column elementor-col-100 elementor-top-column elementor-element elementor-element-0d3a308\" data-id=\"0d3a308\" data-element_type=\"column\">\n\t\t\t<div class=\"elementor-column-wrap elementor-element-populated\">\n\t\t\t\t\t\t\t<div class=\"elementor-widget-wrap\">\n\t\t\t\t\t\t<div class=\"elementor-element elementor-element-7bc6023 elementor-widget elementor-widget-text-editor\" data-id=\"7bc6023\" data-element_type=\"widget\" data-widget_type=\"text-editor.default\">\n\t\t\t\t<div class=\"elementor-widget-container\">\n\t\t\t\t\t\t\t\t<div class=\"elementor-text-editor elementor-clearfix\">\n\t\t\t\t<p style=\"text-align: center;\"><span style=\"color: #000000;\"><strong>Odpoczynki dobowe\u00a0\u00a0<\/strong><\/span><\/p><p><span style=\"color: #000000;\">Zgodnie z art. 8 ust. 5 Rozporz\u0105dzenia (WE) Parlamentu\u00a0 Europejskiego i Rady nr 561\/2006<\/span><\/p><p><span style=\"color: #000000;\">Na zasadzie odst\u0119pstwa od przepis\u00f3w ust. 2, w ci\u0105gu 30 godzin od zako\u0144czenia dziennego lub tygodniowego okresu odpoczynku, kierowca nale\u017c\u0105cy do kilkuosobowej za\u0142ogi musi skorzysta\u0107 z kolejnego dziennego okresu odpoczynku trwaj\u0105cego co najmniej 9 godzin.<\/span><\/p><p><span style=\"color: #000000;\"><strong>W przypadku za\u0142ogi nie ma znaczenia czy jest to odpoczynek skr\u00f3cony czy regularny.<\/strong><\/span><\/p><p class=\"p6\"><span style=\"color: #000000;\"><img loading=\"lazy\" decoding=\"async\" src=\"https:\/\/sklep.install.pl\/public\/assets\/\/za%C5%82oga.png\" alt=\"\" width=\"707\" height=\"241\" \/><\/span><\/p><p><span style=\"color: #000000;\"><strong>\u201eZa\u0142oga kilkuosobowa\u201d <\/strong>oznacza sytuacj\u0119, w kt\u00f3rej w trakcie ka\u017cdego okresu prowadzenia pojazdu pomi\u0119dzy dwoma kolejnymi dziennymi okresami odpoczynku, lub pomi\u0119dzy dziennym okresem odpoczynku a tygodniowym okresem odpoczynku, w poje\u017adzie przebywa co najmniej dw\u00f3ch kierowc\u00f3w w celu prowadzenia pojazdu.<\/span><\/p><p><span style=\"color: #000000;\">Przez pierwsz\u0105 godzin\u0119 jazdy obsady kilkuosobowej obecno\u015b\u0107 innego kierowcy lub kierowc\u00f3w jest fakultatywna, ale przez pozosta\u0142\u0105 cz\u0119\u015b\u0107 tego okresu jest obowi\u0105zkowa.<\/span><\/p><p><span style=\"color: #000000;\">Oznacza to, \u017ce przez pierwsz\u0105 godzin\u0119 pojazd mo\u017ce prowadzi\u0107 jeden kierowca. Do godziny czasu musi dosi\u0105\u015b\u0107 si\u0119 drugi kierowca i ju\u017c do ko\u0144ca wykonuj\u0105 przew\u00f3z razem. Nie mo\u017ce by\u0107 sytuacji odwrotnej. Czyli kiedy jazd\u0119 rozpoczyna dw\u00f3ch kierowc\u00f3w\u00a0i jeden z nich opuszcza pojazd godzin\u0119 wcze\u015bniej. Wtedy nie mamy do czynienia z za\u0142og\u0105 i doba b\u0119dzie liczona jako 24 godziny a nie 30. Oczywi\u015bcie je\u017celi pierwszy kierowca zmie\u015bci si\u0119 w dobie 24 godzinnej wszystko jest w porz\u0105dku.<\/span><\/p>\t\t\t\t\t<\/div>\n\t\t\t\t\t\t<\/div>\n\t\t\t\t<\/div>\n\t\t\t\t\t\t<\/div>\n\t\t\t\t\t<\/div>\n\t\t<\/div>\n\t\t\t\t\t\t\t\t<\/div>\n\t\t\t\t\t<\/div>\n\t\t<\/section>\n\t\t\t\t\t\t<\/div>\n\t\t\t\t\t\t<\/div>\n\t\t\t\t\t<\/div>\n\t\t","protected":false},"excerpt":{"rendered":"<p>Odpoczynki dobowe\u00a0\u00a0 Zgodnie z art. 8 ust. 5 Rozporz\u0105dzenia (WE) Parlamentu\u00a0 Europejskiego i Rady nr 561\/2006 Na zasadzie odst\u0119pstwa od przepis\u00f3w ust. 2, w ci\u0105gu 30 godzin od zako\u0144czenia dziennego lub tygodniowego okresu odpoczynku, kierowca nale\u017c\u0105cy do kilkuosobowej za\u0142ogi musi skorzysta\u0107 z kolejnego dziennego okresu odpoczynku trwaj\u0105cego co najmniej 9 godzin. W przypadku za\u0142ogi nie [&hellip;]<\/p>\n","protected":false},"author":1,"featured_media":0,"parent":0,"menu_order":0,"comment_status":"closed","ping_status":"closed","template":"","meta":{"_mc_calendar":[],"footnotes":""},"class_list":["post-736","page","type-page","status-publish","hentry"],"_links":{"self":[{"href":"https:\/\/info.anneberg.com.pl\/index.php\/wp-json\/wp\/v2\/pages\/736","targetHints":{"allow":["GET"]}}],"collection":[{"href":"https:\/\/info.anneberg.com.pl\/index.php\/wp-json\/wp\/v2\/pages"}],"about":[{"href":"https:\/\/info.anneberg.com.pl\/index.php\/wp-json\/wp\/v2\/types\/page"}],"author":[{"embeddable":true,"href":"https:\/\/info.anneberg.com.pl\/index.php\/wp-json\/wp\/v2\/users\/1"}],"replies":[{"embeddable":true,"href":"https:\/\/info.anneberg.com.pl\/index.php\/wp-json\/wp\/v2\/comments?post=736"}],"version-history":[{"count":6,"href":"https:\/\/info.anneberg.com.pl\/index.php\/wp-json\/wp\/v2\/pages\/736\/revisions"}],"predecessor-version":[{"id":781,"href":"https:\/\/info.anneberg.com.pl\/index.php\/wp-json\/wp\/v2\/pages\/736\/revisions\/781"}],"wp:attachment":[{"href":"https:\/\/info.anneberg.com.pl\/index.php\/wp-json\/wp\/v2\/media?parent=736"}],"curies":[{"name":"wp","href":"https:\/\/api.w.org\/{rel}","templated":true}]}}